{"id":1472,"date":"2021-06-24T18:37:02","date_gmt":"2021-06-24T23:37:02","guid":{"rendered":"https:\/\/guiamineraalemana.com\/?page_id=1472"},"modified":"2023-05-15T16:25:44","modified_gmt":"2023-05-15T21:25:44","slug":"confirmacion-registro-premium","status":"publish","type":"page","link":"https:\/\/guiamineraalemana.com\/es_es\/confirmacion-registro-premium\/","title":{"rendered":"Confirmaci\u00f3n de Registro"},"content":{"rendered":"\t\t<div data-elementor-type=\"wp-page\" data-elementor-id=\"1472\" class=\"elementor elementor-1472\" data-elementor-settings=\"{&quot;ha_cmc_init_switcher&quot;:&quot;no&quot;}\">\n\t\t\t\t\t\t<section class=\"elementor-section elementor-top-section elementor-element elementor-element-63e1eac5 elementor-section-boxed elementor-section-height-default elementor-section-height-default wpr-particle-no wpr-jarallax-no wpr-parallax-no wpr-sticky-section-no wpr-equal-height-no\" data-id=\"63e1eac5\" data-element_type=\"section\" data-e-type=\"section\" data-settings=\"{&quot;_ha_eqh_enable&quot;:false}\">\n\t\t\t\t\t\t<div class=\"elementor-container elementor-column-gap-default\">\n\t\t\t\t\t<div class=\"elementor-column elementor-col-100 elementor-top-column elementor-element elementor-element-44f74d6c\" data-id=\"44f74d6c\" data-element_type=\"column\" data-e-type=\"column\">\n\t\t\t<div class=\"elementor-widget-wrap elementor-element-populated\">\n\t\t\t\t\t\t<div class=\"elementor-element elementor-element-68cb45a6 elementor-widget elementor-widget-text-editor\" data-id=\"68cb45a6\" data-element_type=\"widget\" data-e-type=\"widget\" data-widget_type=\"text-editor.default\">\n\t\t\t\t\t\t\t\t\t<p><strong><\/strong><\/p>\n<p class=\"has-text-align-center\">\u00a1Muchas gracias por su registro en la <strong>Gu\u00eda de Proveedores Alemanes para la Miner\u00eda en el Per\u00fa<\/strong>!<\/p>\n<p style=\"text-align: center;\">Si no ha podido subir el material durante el registro, tambi\u00e9n puede enviarlo a ar@camara-alemana.org.pe en los formatos y dimensiones solicitados.<\/p>\n<p><\/p>\n<p class=\"has-text-align-center\">\u00a1El registro ser\u00e1 revisado por la AHK Peru antes de su publicaci\u00f3n!<\/p>\n<p><\/p>\n<p class=\"has-text-align-center\"><strong>\u00a1Con la finalizaci\u00f3n del registro se est\u00e1 realizando la compra!<\/strong><\/p>\n<p><strong><\/strong><\/p>\t\t\t\t\t\t\t\t<\/div>\n\t\t\t\t\t<\/div>\n\t\t<\/div>\n\t\t\t\t\t<\/div>\n\t\t<\/section>\n\t\t\t\t<\/div>\n\t\t","protected":false},"excerpt":{"rendered":"<p>\u00a1Muchas gracias por su registro en la Gu\u00eda de Proveedores Alemanes para la Miner\u00eda en el Per\u00fa! Si no ha podido subir el material durante el registro, tambi\u00e9n puede enviarlo a ar@camara-alemana.org.pe en los formatos y dimensiones solicitados. \u00a1El registro ser\u00e1 revisado por la AHK Peru antes de su publicaci\u00f3n! \u00a1Con la finalizaci\u00f3n del registro se est\u00e1 realizando la compra!<\/p>\n","protected":false},"author":1,"featured_media":0,"parent":0,"menu_order":0,"comment_status":"closed","ping_status":"closed","template":"elementor_header_footer","meta":{"footnotes":""},"class_list":["post-1472","page","type-page","status-publish","hentry"],"acf":[],"_links":{"self":[{"href":"https:\/\/guiamineraalemana.com\/es_es\/wp-json\/wp\/v2\/pages\/1472","targetHints":{"allow":["GET"]}}],"collection":[{"href":"https:\/\/guiamineraalemana.com\/es_es\/wp-json\/wp\/v2\/pages"}],"about":[{"href":"https:\/\/guiamineraalemana.com\/es_es\/wp-json\/wp\/v2\/types\/page"}],"author":[{"embeddable":true,"href":"https:\/\/guiamineraalemana.com\/es_es\/wp-json\/wp\/v2\/users\/1"}],"replies":[{"embeddable":true,"href":"https:\/\/guiamineraalemana.com\/es_es\/wp-json\/wp\/v2\/comments?post=1472"}],"version-history":[{"count":0,"href":"https:\/\/guiamineraalemana.com\/es_es\/wp-json\/wp\/v2\/pages\/1472\/revisions"}],"wp:attachment":[{"href":"https:\/\/guiamineraalemana.com\/es_es\/wp-json\/wp\/v2\/media?parent=1472"}],"curies":[{"name":"wp","href":"https:\/\/api.w.org\/{rel}","templated":true}]}}