{"id":1056,"date":"2020-10-28T20:53:29","date_gmt":"2020-10-29T01:53:29","guid":{"rendered":"https:\/\/guiamineraalemana.com\/?page_id=1056"},"modified":"2023-05-16T12:43:41","modified_gmt":"2023-05-16T17:43:41","slug":"aviso-legal","status":"publish","type":"page","link":"https:\/\/guiamineraalemana.com\/es_es\/aviso-legal\/","title":{"rendered":"Aviso Legal"},"content":{"rendered":"\t\t<div data-elementor-type=\"wp-page\" data-elementor-id=\"1056\" class=\"elementor elementor-1056\" data-elementor-settings=\"{&quot;ha_cmc_init_switcher&quot;:&quot;no&quot;}\">\n\t\t\t\t\t\t<section class=\"elementor-section elementor-top-section elementor-element elementor-element-49dc437d elementor-section-boxed elementor-section-height-default elementor-section-height-default wpr-particle-no wpr-jarallax-no wpr-parallax-no wpr-sticky-section-no wpr-equal-height-no\" data-id=\"49dc437d\" data-element_type=\"section\" data-e-type=\"section\" data-settings=\"{&quot;_ha_eqh_enable&quot;:false}\">\n\t\t\t\t\t\t<div class=\"elementor-container elementor-column-gap-default\">\n\t\t\t\t\t<div class=\"elementor-column elementor-col-50 elementor-top-column elementor-element elementor-element-12bb9c0c\" data-id=\"12bb9c0c\" data-element_type=\"column\" data-e-type=\"column\">\n\t\t\t<div class=\"elementor-widget-wrap elementor-element-populated\">\n\t\t\t\t\t\t<div class=\"elementor-element elementor-element-f424b41 elementor-widget elementor-widget-image\" data-id=\"f424b41\" data-element_type=\"widget\" data-e-type=\"widget\" data-widget_type=\"image.default\">\n\t\t\t\t\t\t\t\t\t\t\t\t\t\t\t<img decoding=\"async\" width=\"300\" height=\"101\" src=\"https:\/\/guiamineraalemana.com\/wp-content\/uploads\/2020\/09\/Logo_AHK-300x101.jpg\" class=\"attachment-medium size-medium wp-image-241\" alt=\"\" srcset=\"https:\/\/guiamineraalemana.com\/wp-content\/uploads\/2020\/09\/Logo_AHK-300x101.jpg 300w, https:\/\/guiamineraalemana.com\/wp-content\/uploads\/2020\/09\/Logo_AHK.jpg 350w\" sizes=\"(max-width: 300px) 100vw, 300px\" \/>\t\t\t\t\t\t\t\t\t\t\t\t\t\t\t<\/div>\n\t\t\t\t<div class=\"elementor-element elementor-element-8c4ba58 elementor-widget elementor-widget-image\" data-id=\"8c4ba58\" data-element_type=\"widget\" data-e-type=\"widget\" data-widget_type=\"image.default\">\n\t\t\t\t\t\t\t\t\t\t\t\t\t\t\t<img decoding=\"async\" width=\"300\" height=\"99\" src=\"https:\/\/guiamineraalemana.com\/wp-content\/uploads\/2020\/09\/LOGO-CENTRO-PERUANO-ALEMAN-espan-50-300x99.jpg\" class=\"attachment-medium size-medium wp-image-224\" alt=\"\" srcset=\"https:\/\/guiamineraalemana.com\/wp-content\/uploads\/2020\/09\/LOGO-CENTRO-PERUANO-ALEMAN-espan-50-300x99.jpg 300w, https:\/\/guiamineraalemana.com\/wp-content\/uploads\/2020\/09\/LOGO-CENTRO-PERUANO-ALEMAN-espan-50.jpg 768w\" sizes=\"(max-width: 300px) 100vw, 300px\" \/>\t\t\t\t\t\t\t\t\t\t\t\t\t\t\t<\/div>\n\t\t\t\t<div class=\"elementor-element elementor-element-e5e5e85 elementor-widget elementor-widget-image\" data-id=\"e5e5e85\" data-element_type=\"widget\" data-e-type=\"widget\" data-widget_type=\"image.default\">\n\t\t\t\t\t\t\t\t\t\t\t\t\t\t\t<img decoding=\"async\" width=\"150\" height=\"150\" src=\"https:\/\/guiamineraalemana.com\/wp-content\/uploads\/2023\/05\/BMWi_2021_Fz_Office_Farbe_ES-150x150.png\" class=\"attachment-thumbnail size-thumbnail wp-image-2533\" alt=\"\" srcset=\"https:\/\/guiamineraalemana.com\/wp-content\/uploads\/2023\/05\/BMWi_2021_Fz_Office_Farbe_ES-150x150.png 150w, https:\/\/guiamineraalemana.com\/wp-content\/uploads\/2023\/05\/BMWi_2021_Fz_Office_Farbe_ES-12x12.png 12w, https:\/\/guiamineraalemana.com\/wp-content\/uploads\/2023\/05\/BMWi_2021_Fz_Office_Farbe_ES-63x63.png 63w, https:\/\/guiamineraalemana.com\/wp-content\/uploads\/2023\/05\/BMWi_2021_Fz_Office_Farbe_ES-84x84.png 84w\" sizes=\"(max-width: 150px) 100vw, 150px\" \/>\t\t\t\t\t\t\t\t\t\t\t\t\t\t\t<\/div>\n\t\t\t\t\t<\/div>\n\t\t<\/div>\n\t\t\t\t<div class=\"elementor-column elementor-col-50 elementor-top-column elementor-element elementor-element-8d09331\" data-id=\"8d09331\" data-element_type=\"column\" data-e-type=\"column\">\n\t\t\t<div class=\"elementor-widget-wrap elementor-element-populated\">\n\t\t\t\t\t\t<div class=\"elementor-element elementor-element-5871665 elementor-widget elementor-widget-text-editor\" data-id=\"5871665\" data-element_type=\"widget\" data-e-type=\"widget\" data-widget_type=\"text-editor.default\">\n\t\t\t\t\t\t\t\t\t<p><\/p>\n<p><b>C\u00e1mara de Comercio e Industria Peruano-Alemana<br><\/b>RUC 20147720573<\/p>\n<p><\/p>\n<p><\/p>\n<p>Av. Camino Real 348, Of. 1502<br>San Isidro \u2013 15073 Lima &#8211; Peru<\/p><p>Tel.: +51 1 441 8616<br>info(at)camara-alemana.org.pe<\/p>\n<p><\/p>\n<p><\/p>\n<p><b>Presidente: <\/b>Norbert Onkelbach (LAP)<br><b>Subgerente:<\/b>&nbsp;Jan Patrick H\u00e4ntsche<br><b>Responsable de redacci\u00f3n:<\/b> Ann-Yasmin Reimers<\/p>\n<p><\/p>\n<p><\/p>\n<p>Preguntas o sugerencias sobre esta p\u00e1gina:<br>Ann-Yasmin Reimers, Project Manager (ar(at)camara-alemana.org.pe)<\/p>\n<p><\/p>\n<p><\/p>\n<p>La C\u00e1mara de Comercio e Industria Peruano-Alemana no se hace responsable por el contenido, los errores, los derechos legales y el correcto funcionamiento de p\u00e1ginas de Internet de terceros a las cuales tenemos acceso desde esta p\u00e1gina.<\/p>\n<p><\/p>\n<p><\/p>\n<p>Copyright 2023 C\u00e1mara de Comercio e Industria Peruano-Alemana<\/p>\n<p><\/p>\t\t\t\t\t\t\t\t<\/div>\n\t\t\t\t\t<\/div>\n\t\t<\/div>\n\t\t\t\t\t<\/div>\n\t\t<\/section>\n\t\t\t\t<\/div>\n\t\t","protected":false},"excerpt":{"rendered":"<p>C\u00e1mara de Comercio e Industria Peruano-AlemanaRUC 20147720573 Av. Camino Real 348, Of. 1502San Isidro \u2013 15073 Lima &#8211; Peru Tel.: +51 1 441 8616info(at)camara-alemana.org.pe Presidente: Norbert Onkelbach (LAP)Subgerente:&nbsp;Jan Patrick H\u00e4ntscheResponsable de redacci\u00f3n: Ann-Yasmin Reimers Preguntas o sugerencias sobre esta p\u00e1gina:Ann-Yasmin Reimers, Project Manager (ar(at)camara-alemana.org.pe) La C\u00e1mara de Comercio e Industria Peruano-Alemana no se hace responsable por el contenido, los errores, los derechos legales y el correcto funcionamiento de p\u00e1ginas de Internet de terceros a las cuales tenemos acceso desde esta p\u00e1gina. Copyright 2023 C\u00e1mara de Comercio e Industria Peruano-Alemana<\/p>\n","protected":false},"author":1,"featured_media":0,"parent":0,"menu_order":0,"comment_status":"closed","ping_status":"closed","template":"template-page-full-width.php","meta":{"footnotes":""},"class_list":["post-1056","page","type-page","status-publish","hentry"],"acf":[],"_links":{"self":[{"href":"https:\/\/guiamineraalemana.com\/es_es\/wp-json\/wp\/v2\/pages\/1056","targetHints":{"allow":["GET"]}}],"collection":[{"href":"https:\/\/guiamineraalemana.com\/es_es\/wp-json\/wp\/v2\/pages"}],"about":[{"href":"https:\/\/guiamineraalemana.com\/es_es\/wp-json\/wp\/v2\/types\/page"}],"author":[{"embeddable":true,"href":"https:\/\/guiamineraalemana.com\/es_es\/wp-json\/wp\/v2\/users\/1"}],"replies":[{"embeddable":true,"href":"https:\/\/guiamineraalemana.com\/es_es\/wp-json\/wp\/v2\/comments?post=1056"}],"version-history":[{"count":0,"href":"https:\/\/guiamineraalemana.com\/es_es\/wp-json\/wp\/v2\/pages\/1056\/revisions"}],"wp:attachment":[{"href":"https:\/\/guiamineraalemana.com\/es_es\/wp-json\/wp\/v2\/media?parent=1056"}],"curies":[{"name":"wp","href":"https:\/\/api.w.org\/{rel}","templated":true}]}}