{"id":2408,"date":"2023-05-15T09:03:27","date_gmt":"2023-05-15T14:03:27","guid":{"rendered":"https:\/\/guiamineraalemana.com\/?page_id=2408"},"modified":"2023-05-15T10:34:56","modified_gmt":"2023-05-15T15:34:56","slug":"contra-caratula","status":"publish","type":"page","link":"https:\/\/guiamineraalemana.com\/de\/contra-caratula\/","title":{"rendered":"\u00c4ussere R\u00fcckseite"},"content":{"rendered":"\t\t<div data-elementor-type=\"wp-page\" data-elementor-id=\"2408\" class=\"elementor elementor-2408\" data-elementor-settings=\"{&quot;ha_cmc_init_switcher&quot;:&quot;no&quot;}\">\n\t\t\t\t\t\t<section class=\"elementor-section elementor-top-section elementor-element elementor-element-257da51 elementor-section-boxed elementor-section-height-default elementor-section-height-default wpr-particle-no wpr-jarallax-no wpr-parallax-no wpr-sticky-section-no\" data-id=\"257da51\" data-element_type=\"section\" data-e-type=\"section\" data-settings=\"{&quot;_ha_eqh_enable&quot;:false}\">\n\t\t\t\t\t\t<div class=\"elementor-container elementor-column-gap-default\">\n\t\t\t\t\t<div class=\"elementor-column elementor-col-100 elementor-top-column elementor-element elementor-element-06a7c4e\" data-id=\"06a7c4e\" data-element_type=\"column\" data-e-type=\"column\">\n\t\t\t<div class=\"elementor-widget-wrap\">\n\t\t\t\t\t\t\t<\/div>\n\t\t<\/div>\n\t\t\t\t\t<\/div>\n\t\t<\/section>\n\t\t\t\t<section class=\"elementor-section elementor-top-section elementor-element elementor-element-a5ec52c elementor-section-boxed elementor-section-height-default elementor-section-height-default wpr-particle-no wpr-jarallax-no wpr-parallax-no wpr-sticky-section-no\" data-id=\"a5ec52c\" data-element_type=\"section\" data-e-type=\"section\" data-settings=\"{&quot;_ha_eqh_enable&quot;:false}\">\n\t\t\t\t\t\t<div class=\"elementor-container elementor-column-gap-default\">\n\t\t\t\t\t<div class=\"elementor-column elementor-col-50 elementor-top-column elementor-element elementor-element-302ccab\" data-id=\"302ccab\" data-element_type=\"column\" data-e-type=\"column\">\n\t\t\t<div class=\"elementor-widget-wrap elementor-element-populated\">\n\t\t\t\t\t\t<div class=\"elementor-element elementor-element-dab59c0 elementor-widget elementor-widget-html\" data-id=\"dab59c0\" data-element_type=\"widget\" data-e-type=\"widget\" data-widget_type=\"html.default\">\n\t\t\t\t\t<div class=\"wpforms-container wpforms-container-full\" id=\"wpforms-2303\"><form id=\"wpforms-form-2303\" class=\"wpforms-validate wpforms-form\" data-formid=\"2303\" method=\"post\" enctype=\"multipart\/form-data\" action=\"\/de\/wp-json\/wp\/v2\/pages\/2408\" data-token=\"300f1bb8dace06539ffcc4b1444e4776\" data-token-time=\"1776782140\"><noscript class=\"wpforms-error-noscript\">Bitte aktiviere JavaScript in deinem Browser, um dieses Formular fertigzustellen.<\/noscript><div class=\"wpforms-field-container\"><div id=\"wpforms-2303-field_5-container\" class=\"wpforms-field wpforms-field-divider\" data-field-id=\"5\"><h3 id=\"wpforms-2303-field_5\">Datos de tu empresa<\/h3><\/div><div id=\"wpforms-2303-field_0-container\" class=\"wpforms-field wpforms-field-name\" data-field-id=\"0\"><label class=\"wpforms-field-label\" for=\"wpforms-2303-field_0\">Nombre De La Empresa <span class=\"wpforms-required-label\">*<\/span><\/label><input type=\"text\" id=\"wpforms-2303-field_0\" class=\"wpforms-field-large wpforms-field-required\" name=\"wpforms[fields][0]\" required><\/div><div id=\"wpforms-2303-field_6-container\" class=\"wpforms-field wpforms-field-name\" data-field-id=\"6\"><label class=\"wpforms-field-label\" for=\"wpforms-2303-field_6\">Direcci\u00f3n + n\u00famero <span class=\"wpforms-required-label\">*<\/span><\/label><input type=\"text\" id=\"wpforms-2303-field_6\" class=\"wpforms-field-large wpforms-field-required\" name=\"wpforms[fields][6]\" required><\/div><div id=\"wpforms-2303-field_56-container\" class=\"wpforms-field wpforms-field-name\" data-field-id=\"56\"><label class=\"wpforms-field-label\" for=\"wpforms-2303-field_56\">Distrito <span class=\"wpforms-required-label\">*<\/span><\/label><input type=\"text\" id=\"wpforms-2303-field_56\" class=\"wpforms-field-large wpforms-field-required\" name=\"wpforms[fields][56]\" required><\/div><div id=\"wpforms-2303-field_57-container\" class=\"wpforms-field wpforms-field-name\" data-field-id=\"57\"><label class=\"wpforms-field-label\" for=\"wpforms-2303-field_57\">Ciudad <span class=\"wpforms-required-label\">*<\/span><\/label><input type=\"text\" id=\"wpforms-2303-field_57\" class=\"wpforms-field-large wpforms-field-required\" name=\"wpforms[fields][57]\" required><\/div><div id=\"wpforms-2303-field_58-container\" class=\"wpforms-field wpforms-field-name\" data-field-id=\"58\"><label class=\"wpforms-field-label\" for=\"wpforms-2303-field_58\">Codigo postal <span class=\"wpforms-required-label\">*<\/span><\/label><input type=\"text\" id=\"wpforms-2303-field_58\" class=\"wpforms-field-large wpforms-field-required\" name=\"wpforms[fields][58]\" required><\/div><div id=\"wpforms-2303-field_59-container\" class=\"wpforms-field wpforms-field-name\" data-field-id=\"59\"><label class=\"wpforms-field-label\" for=\"wpforms-2303-field_59\">Pa\u00eds <span class=\"wpforms-required-label\">*<\/span><\/label><input type=\"text\" id=\"wpforms-2303-field_59\" class=\"wpforms-field-large wpforms-field-required\" name=\"wpforms[fields][59]\" required><\/div><div id=\"wpforms-2303-field_7-container\" class=\"wpforms-field wpforms-field-phone wpforms-one-half wpforms-first\" data-field-id=\"7\"><label class=\"wpforms-field-label\" for=\"wpforms-2303-field_7\">Tel\u00e9fono <span class=\"wpforms-required-label\">*<\/span><\/label><input type=\"tel\" id=\"wpforms-2303-field_7\" class=\"wpforms-field-large wpforms-field-required\" data-rule-int-phone-field=\"true\" name=\"wpforms[fields][7]\" aria-label=\"Tel\u00e9fono\" required><\/div><div id=\"wpforms-2303-field_8-container\" class=\"wpforms-field wpforms-field-text wpforms-one-half\" data-field-id=\"8\"><label class=\"wpforms-field-label\" for=\"wpforms-2303-field_8\">Correo Central <span class=\"wpforms-required-label\">*<\/span><\/label><input type=\"text\" id=\"wpforms-2303-field_8\" class=\"wpforms-field-large wpforms-field-required\" name=\"wpforms[fields][8]\" required><\/div><div id=\"wpforms-2303-field_41-container\" class=\"wpforms-field wpforms-field-text wpforms-one-half\" data-field-id=\"41\"><label class=\"wpforms-field-label\" for=\"wpforms-2303-field_41\">P\u00e1gina web <span class=\"wpforms-required-label\">*<\/span><\/label><input type=\"text\" id=\"wpforms-2303-field_41\" class=\"wpforms-field-large wpforms-field-required\" name=\"wpforms[fields][41]\" required><\/div><div id=\"wpforms-2303-field_47-container\" class=\"wpforms-field wpforms-field-text wpforms-one-half\" data-field-id=\"47\"><label class=\"wpforms-field-label\" for=\"wpforms-2303-field_47\">A\u00f1o de fundaci\u00f3n <span class=\"wpforms-required-label\">*<\/span><\/label><input type=\"text\" id=\"wpforms-2303-field_47\" class=\"wpforms-field-large wpforms-field-required\" name=\"wpforms[fields][47]\" required><\/div><div id=\"wpforms-2303-field_44-container\" class=\"wpforms-field wpforms-field-number\" data-field-id=\"44\"><label class=\"wpforms-field-label\" for=\"wpforms-2303-field_44\">Cantidad de empleados <span class=\"wpforms-required-label\">*<\/span><\/label><input type=\"number\" id=\"wpforms-2303-field_44\" class=\"wpforms-field-medium wpforms-field-required\" name=\"wpforms[fields][44]\" required><\/div><div id=\"wpforms-2303-field_61-container\" class=\"wpforms-field wpforms-field-radio\" data-field-id=\"61\"><label class=\"wpforms-field-label\">Empresa socia de la AHK Per\u00fa <span class=\"wpforms-required-label\">*<\/span><\/label><ul id=\"wpforms-2303-field_61\" class=\"wpforms-field-required\"><li class=\"choice-1 depth-1\"><input type=\"radio\" id=\"wpforms-2303-field_61_1\" name=\"wpforms[fields][61]\" value=\"S\u00ed\" required ><label class=\"wpforms-field-label-inline\" for=\"wpforms-2303-field_61_1\">S\u00ed<\/label><\/li><li class=\"choice-2 depth-1\"><input type=\"radio\" id=\"wpforms-2303-field_61_2\" name=\"wpforms[fields][61]\" value=\"No\" required ><label class=\"wpforms-field-label-inline\" for=\"wpforms-2303-field_61_2\">No<\/label><\/li><\/ul><\/div><div id=\"wpforms-2303-field_9-container\" class=\"wpforms-field wpforms-field-divider\" data-field-id=\"9\"><h3 id=\"wpforms-2303-field_9\">Persona de contacto<\/h3><\/div><div id=\"wpforms-2303-field_10-container\" class=\"wpforms-field wpforms-field-name wpforms-one-half wpforms-first\" data-field-id=\"10\"><label class=\"wpforms-field-label\" for=\"wpforms-2303-field_10\">Nombre <span class=\"wpforms-required-label\">*<\/span><\/label><input type=\"text\" id=\"wpforms-2303-field_10\" class=\"wpforms-field-large wpforms-field-required\" name=\"wpforms[fields][10]\" required><\/div><div id=\"wpforms-2303-field_11-container\" class=\"wpforms-field wpforms-field-name wpforms-one-half\" data-field-id=\"11\"><label class=\"wpforms-field-label\" for=\"wpforms-2303-field_11\">Cargo <span class=\"wpforms-required-label\">*<\/span><\/label><input type=\"text\" id=\"wpforms-2303-field_11\" class=\"wpforms-field-large wpforms-field-required\" name=\"wpforms[fields][11]\" required><\/div><div id=\"wpforms-2303-field_14-container\" class=\"wpforms-field wpforms-field-email wpforms-one-half wpforms-first\" data-field-id=\"14\"><label class=\"wpforms-field-label\" for=\"wpforms-2303-field_14\">Correo electr\u00f3nico <span class=\"wpforms-required-label\">*<\/span><\/label><input type=\"email\" id=\"wpforms-2303-field_14\" class=\"wpforms-field-large wpforms-field-required\" name=\"wpforms[fields][14]\" spellcheck=\"false\" required><\/div><div id=\"wpforms-2303-field_15-container\" class=\"wpforms-field wpforms-field-phone wpforms-one-half\" data-field-id=\"15\"><label class=\"wpforms-field-label\" for=\"wpforms-2303-field_15\">Tel\u00e9fono <span class=\"wpforms-required-label\">*<\/span><\/label><input type=\"tel\" id=\"wpforms-2303-field_15\" class=\"wpforms-field-large wpforms-field-required\" data-rule-int-phone-field=\"true\" name=\"wpforms[fields][15]\" aria-label=\"Tel\u00e9fono\" required><\/div><div id=\"wpforms-2303-field_12-container\" class=\"wpforms-field wpforms-field-divider\" data-field-id=\"12\"><h3 id=\"wpforms-2303-field_12\">Descripci\u00f3n de la empresa<\/h3><\/div><div id=\"wpforms-2303-field_16-container\" class=\"wpforms-field wpforms-field-textarea\" data-field-id=\"16\"><label class=\"wpforms-field-label\" for=\"wpforms-2303-field_16\">Describe tu empresa <span class=\"wpforms-required-label\">*<\/span><\/label><textarea id=\"wpforms-2303-field_16\" class=\"wpforms-field-medium wpforms-field-required wpforms-limit-characters-enabled\" data-form-id=\"2303\" data-field-id=\"16\" data-text-limit=\"200\" name=\"wpforms[fields][16]\" maxlength=\"200\" required><\/textarea><div class=\"wpforms-field-description\">Descripci\u00f3n breve de la empresa:\nProducto\/servicio 1 - Producto\/servicio 2 - Producto\/servicio 3 -  Permitido hasta 200 caracteres.<\/div><\/div><div id=\"wpforms-2303-field_30-container\" class=\"wpforms-field wpforms-field-divider\" data-field-id=\"30\"><h3 id=\"wpforms-2303-field_30\">Si representas a una empresa Alemana rellena los siguientes datos:<\/h3><\/div><div id=\"wpforms-2303-field_38-container\" class=\"wpforms-field wpforms-field-text\" data-field-id=\"38\"><label class=\"wpforms-field-label\" for=\"wpforms-2303-field_38\">Nombres de empresas a las que representa<\/label><input type=\"text\" id=\"wpforms-2303-field_38\" class=\"wpforms-field-medium\" name=\"wpforms[fields][38]\" ><\/div><div id=\"wpforms-2303-field_19-container\" class=\"wpforms-field wpforms-field-divider\" data-field-id=\"19\"><h3 id=\"wpforms-2303-field_19\">Categor\u00eda<\/h3><div class=\"wpforms-field-description\">Ind\u00edquenos los rubros, soluciones o su aporte que aplican para su empresa (max.3): <\/div><\/div><div id=\"wpforms-2303-field_37-container\" class=\"wpforms-field wpforms-field-payment-checkbox\" data-field-id=\"37\"><label class=\"wpforms-field-label\">Categor\u00edas <span class=\"wpforms-required-label\">*<\/span><\/label><ul id=\"wpforms-2303-field_37\" class=\"wpforms-field-required\"><li class=\"choice-12\"><input type=\"checkbox\" id=\"wpforms-2303-field_37_12\" class=\"wpforms-payment-price\" data-amount=\"0.00\" name=\"wpforms[fields][37][]\" value=\"12\" required ><label class=\"wpforms-field-label-inline\" for=\"wpforms-2303-field_37_12\">Agua, efluentes, tratamiento, medio ambiente<\/label><\/li><li class=\"choice-3\"><input type=\"checkbox\" id=\"wpforms-2303-field_37_3\" class=\"wpforms-payment-price\" data-amount=\"0.00\" name=\"wpforms[fields][37][]\" value=\"3\" required ><label class=\"wpforms-field-label-inline\" for=\"wpforms-2303-field_37_3\">Automatizaci\u00f3n y rob\u00f3tica<\/label><\/li><li class=\"choice-2\"><input type=\"checkbox\" id=\"wpforms-2303-field_37_2\" class=\"wpforms-payment-price\" data-amount=\"0.00\" name=\"wpforms[fields][37][]\" value=\"2\" required ><label class=\"wpforms-field-label-inline\" for=\"wpforms-2303-field_37_2\">Capacitaci\u00f3n y formaci\u00f3n de capital humano para la miner\u00eda<\/label><\/li><li class=\"choice-13\"><input type=\"checkbox\" id=\"wpforms-2303-field_37_13\" class=\"wpforms-payment-price\" data-amount=\"0.00\" name=\"wpforms[fields][37][]\" value=\"13\" required ><label class=\"wpforms-field-label-inline\" for=\"wpforms-2303-field_37_13\">Equipamiento para seguridad y salud<\/label><\/li><li class=\"choice-16\"><input type=\"checkbox\" id=\"wpforms-2303-field_37_16\" class=\"wpforms-payment-price\" data-amount=\"0.00\" name=\"wpforms[fields][37][]\" value=\"16\" required ><label class=\"wpforms-field-label-inline\" for=\"wpforms-2303-field_37_16\">Herramientas<\/label><\/li><li class=\"choice-9\"><input type=\"checkbox\" id=\"wpforms-2303-field_37_9\" class=\"wpforms-payment-price\" data-amount=\"0.00\" name=\"wpforms[fields][37][]\" value=\"9\" required ><label class=\"wpforms-field-label-inline\" for=\"wpforms-2303-field_37_9\">Ingenier\u00eda de la energ\u00eda<\/label><\/li><li class=\"choice-4\"><input type=\"checkbox\" id=\"wpforms-2303-field_37_4\" class=\"wpforms-payment-price\" data-amount=\"0.00\" name=\"wpforms[fields][37][]\" value=\"4\" required ><label class=\"wpforms-field-label-inline\" for=\"wpforms-2303-field_37_4\">Ingenier\u00eda y construcci\u00f3n<\/label><\/li><li class=\"choice-10\"><input type=\"checkbox\" id=\"wpforms-2303-field_37_10\" class=\"wpforms-payment-price\" data-amount=\"0.00\" name=\"wpforms[fields][37][]\" value=\"10\" required ><label class=\"wpforms-field-label-inline\" for=\"wpforms-2303-field_37_10\">Insumos qu\u00edmicos y otros<\/label><\/li><li class=\"choice-7\"><input type=\"checkbox\" id=\"wpforms-2303-field_37_7\" class=\"wpforms-payment-price\" data-amount=\"0.00\" name=\"wpforms[fields][37][]\" value=\"7\" required ><label class=\"wpforms-field-label-inline\" for=\"wpforms-2303-field_37_7\">Maquinaria (M\u00e1quinas para la extracci\u00f3n de materias primas y para la miner\u00eda)<\/label><\/li><li class=\"choice-6\"><input type=\"checkbox\" id=\"wpforms-2303-field_37_6\" class=\"wpforms-payment-price\" data-amount=\"0.00\" name=\"wpforms[fields][37][]\" value=\"6\" required ><label class=\"wpforms-field-label-inline\" for=\"wpforms-2303-field_37_6\">Miner\u00eda 4.0, medici\u00f3n y monitoreo<\/label><\/li><li class=\"choice-1\"><input type=\"checkbox\" id=\"wpforms-2303-field_37_1\" class=\"wpforms-payment-price\" data-amount=\"0.00\" name=\"wpforms[fields][37][]\" value=\"1\" required ><label class=\"wpforms-field-label-inline\" for=\"wpforms-2303-field_37_1\">Servicios generales para la miner\u00eda<\/label><\/li><li class=\"choice-5\"><input type=\"checkbox\" id=\"wpforms-2303-field_37_5\" class=\"wpforms-payment-price\" data-amount=\"0.00\" name=\"wpforms[fields][37][]\" value=\"5\" required ><label class=\"wpforms-field-label-inline\" for=\"wpforms-2303-field_37_5\">Tecnolog\u00eda para procesos mineros<\/label><\/li><li class=\"choice-11\"><input type=\"checkbox\" id=\"wpforms-2303-field_37_11\" class=\"wpforms-payment-price\" data-amount=\"0.00\" name=\"wpforms[fields][37][]\" value=\"11\" required ><label class=\"wpforms-field-label-inline\" for=\"wpforms-2303-field_37_11\">Transporte de materiales, Log\u00edstica<\/label><\/li><li class=\"choice-8\"><input type=\"checkbox\" id=\"wpforms-2303-field_37_8\" class=\"wpforms-payment-price\" data-amount=\"0.00\" name=\"wpforms[fields][37][]\" value=\"8\" required ><label class=\"wpforms-field-label-inline\" for=\"wpforms-2303-field_37_8\">Veh\u00edculos y m\u00e1quinas autopropulsadas<\/label><\/li><li class=\"choice-17\"><input type=\"checkbox\" id=\"wpforms-2303-field_37_17\" class=\"wpforms-payment-price\" data-amount=\"0.00\" name=\"wpforms[fields][37][]\" value=\"17\" required ><label class=\"wpforms-field-label-inline\" for=\"wpforms-2303-field_37_17\">Otros<\/label><\/li><\/ul><\/div><div id=\"wpforms-2303-field_53-container\" class=\"wpforms-field wpforms-field-divider\" data-field-id=\"53\"><h3 id=\"wpforms-2303-field_53\">Participaci\u00f3n en PERUMIN 37 I EXTEMIN 2025<\/h3><\/div><div id=\"wpforms-2303-field_51-container\" class=\"wpforms-field wpforms-field-radio\" data-field-id=\"51\"><label class=\"wpforms-field-label\">\u00bfUsted es exhibidor en PERUMIN 37 I EXTEMIN 2025? <span class=\"wpforms-required-label\">*<\/span><\/label><ul id=\"wpforms-2303-field_51\" class=\"wpforms-field-required\"><li class=\"choice-1 depth-1\"><input type=\"radio\" id=\"wpforms-2303-field_51_1\" name=\"wpforms[fields][51]\" value=\"S\u00ed\" required ><label class=\"wpforms-field-label-inline\" for=\"wpforms-2303-field_51_1\">S\u00ed<\/label><\/li><li class=\"choice-2 depth-1\"><input type=\"radio\" id=\"wpforms-2303-field_51_2\" name=\"wpforms[fields][51]\" value=\"No\" required ><label class=\"wpforms-field-label-inline\" for=\"wpforms-2303-field_51_2\">No<\/label><\/li><\/ul><\/div><div id=\"wpforms-2303-field_52-container\" class=\"wpforms-field wpforms-field-text\" data-field-id=\"52\"><label class=\"wpforms-field-label\" for=\"wpforms-2303-field_52\">En el caso que s\u00ed, por favor indicar su n\u00famero de stand (si no se indica no ser\u00e1 publicado en la Gu\u00eda de Proveedores Alemanes para la Miner\u00eda en el Per\u00fa):<\/label><input type=\"text\" id=\"wpforms-2303-field_52\" class=\"wpforms-field-medium\" name=\"wpforms[fields][52]\" ><\/div><div id=\"wpforms-2303-field_26-container\" class=\"wpforms-field wpforms-field-divider\" data-field-id=\"26\"><h3 id=\"wpforms-2303-field_26\">Datos de la persona que realiz\u00f3 el registro<\/h3><\/div><div id=\"wpforms-2303-field_27-container\" class=\"wpforms-field wpforms-field-name wpforms-one-half wpforms-first\" data-field-id=\"27\"><label class=\"wpforms-field-label\" for=\"wpforms-2303-field_27\">Nombre <span class=\"wpforms-required-label\">*<\/span><\/label><input type=\"text\" id=\"wpforms-2303-field_27\" class=\"wpforms-field-large wpforms-field-required\" name=\"wpforms[fields][27]\" required><\/div><div id=\"wpforms-2303-field_28-container\" class=\"wpforms-field wpforms-field-email wpforms-one-half wpforms-first\" data-field-id=\"28\"><label class=\"wpforms-field-label\" for=\"wpforms-2303-field_28\">Correo electr\u00f3nico <span class=\"wpforms-required-label\">*<\/span><\/label><input type=\"email\" id=\"wpforms-2303-field_28\" class=\"wpforms-field-large wpforms-field-required\" name=\"wpforms[fields][28]\" spellcheck=\"false\" required><\/div><div id=\"wpforms-2303-field_29-container\" class=\"wpforms-field wpforms-field-phone wpforms-one-half\" data-field-id=\"29\"><label class=\"wpforms-field-label\" for=\"wpforms-2303-field_29\">Tel\u00e9fono <span class=\"wpforms-required-label\">*<\/span><\/label><input type=\"tel\" id=\"wpforms-2303-field_29\" class=\"wpforms-field-large wpforms-field-required\" data-rule-int-phone-field=\"true\" name=\"wpforms[fields][29]\" aria-label=\"Tel\u00e9fono\" required><\/div><div id=\"wpforms-2303-field_20-container\" class=\"wpforms-field wpforms-field-divider\" data-field-id=\"20\"><h3 id=\"wpforms-2303-field_20\">DATOS DE FACTURACI\u00d3N<\/h3><\/div><div id=\"wpforms-2303-field_21-container\" class=\"wpforms-field wpforms-field-text wpforms-one-half wpforms-first\" data-field-id=\"21\"><label class=\"wpforms-field-label\" for=\"wpforms-2303-field_21\">Raz\u00f3n Social: <span class=\"wpforms-required-label\">*<\/span><\/label><input type=\"text\" id=\"wpforms-2303-field_21\" class=\"wpforms-field-large wpforms-field-required\" name=\"wpforms[fields][21]\" required><\/div><div id=\"wpforms-2303-field_46-container\" class=\"wpforms-field wpforms-field-text\" data-field-id=\"46\"><label class=\"wpforms-field-label\" for=\"wpforms-2303-field_46\">RUC <span class=\"wpforms-required-label\">*<\/span><\/label><input type=\"text\" id=\"wpforms-2303-field_46\" class=\"wpforms-field-medium wpforms-field-required\" name=\"wpforms[fields][46]\" required><\/div><div id=\"wpforms-2303-field_23-container\" class=\"wpforms-field wpforms-field-email wpforms-one-half wpforms-first\" data-field-id=\"23\"><label class=\"wpforms-field-label\" for=\"wpforms-2303-field_23\">Correo electr\u00f3nico para facturaci\u00f3n: <span class=\"wpforms-required-label\">*<\/span><\/label><input type=\"email\" id=\"wpforms-2303-field_23\" class=\"wpforms-field-large wpforms-field-required\" name=\"wpforms[fields][23]\" spellcheck=\"false\" required><\/div><div id=\"wpforms-2303-field_25-container\" class=\"wpforms-field wpforms-field-text wpforms-one-half\" data-field-id=\"25\"><label class=\"wpforms-field-label\" for=\"wpforms-2303-field_25\">Persona de contacto: <span class=\"wpforms-required-label\">*<\/span><\/label><input type=\"text\" id=\"wpforms-2303-field_25\" class=\"wpforms-field-large wpforms-field-required\" name=\"wpforms[fields][25]\" required><\/div><div id=\"wpforms-2303-field_48-container\" class=\"wpforms-field wpforms-field-payment-checkbox\" data-field-id=\"48\"><label class=\"wpforms-field-label\">Finalizar el registro <span class=\"wpforms-required-label\">*<\/span><\/label><ul id=\"wpforms-2303-field_48\" class=\"wpforms-field-required\"><li class=\"choice-15\"><input type=\"checkbox\" id=\"wpforms-2303-field_48_15\" class=\"wpforms-payment-price\" data-amount=\"0.00\" name=\"wpforms[fields][48][]\" value=\"15\" required ><label class=\"wpforms-field-label-inline\" for=\"wpforms-2303-field_48_15\">Al finalizar el registro se acepta que los datos registrados (datos de la empresa, persona de contacto, descripci\u00f3n de empresa, informaciones sobre representaciones de empresas alemanas, las primeras 3 categor\u00edas marcadas y el logo y anuncio publicitario subido) ser\u00e1n publicados en el portal en l\u00ednea de la Gu\u00eda de Proveedores Alemanes para la Miner\u00eda en el Per\u00fa de la C\u00e1mara de Comercio e Industria Peruano-Alemana.<\/label><\/li><\/ul><\/div><\/div><!-- .wpforms-field-container --><div class=\"wpforms-field wpforms-field-hp\"><label for=\"wpforms-2303-field-hp\" class=\"wpforms-field-label\">Name<\/label><input type=\"text\" name=\"wpforms[hp]\" id=\"wpforms-2303-field-hp\" class=\"wpforms-field-medium\"><\/div><div class=\"wpforms-submit-container\" ><input type=\"hidden\" name=\"wpforms[id]\" value=\"2303\"><input type=\"hidden\" name=\"page_title\" value=\"\"><input type=\"hidden\" name=\"page_url\" value=\"https:\/\/guiamineraalemana.com\/de\/wp-json\/wp\/v2\/pages\/2408\"><button type=\"submit\" name=\"wpforms[submit]\" id=\"wpforms-submit-2303\" class=\"wpforms-submit\" data-alt-text=\"enviando\" data-submit-text=\"Enviar\" aria-live=\"assertive\" value=\"wpforms-submit\">Enviar<\/button><\/div><\/form><\/div>  <!-- .wpforms-container -->\t\t\t\t<\/div>\n\t\t\t\t\t<\/div>\n\t\t<\/div>\n\t\t\t\t<div class=\"elementor-column elementor-col-50 elementor-top-column elementor-element elementor-element-ff4a35b\" data-id=\"ff4a35b\" data-element_type=\"column\" data-e-type=\"column\">\n\t\t\t<div class=\"elementor-widget-wrap elementor-element-populated\">\n\t\t\t\t\t\t<div class=\"elementor-element elementor-element-82664dc elementor-widget elementor-widget-image\" data-id=\"82664dc\" data-element_type=\"widget\" data-e-type=\"widget\" data-widget_type=\"image.default\">\n\t\t\t\t\t\t\t\t\t\t\t\t\t\t\t<img fetchpriority=\"high\" decoding=\"async\" width=\"262\" height=\"300\" src=\"https:\/\/guiamineraalemana.com\/wp-content\/uploads\/2021\/07\/anzeige123pu-262x300.png\" class=\"attachment-medium size-medium wp-image-1658\" alt=\"\" srcset=\"https:\/\/guiamineraalemana.com\/wp-content\/uploads\/2021\/07\/anzeige123pu-262x300.png 262w, https:\/\/guiamineraalemana.com\/wp-content\/uploads\/2021\/07\/anzeige123pu-896x1024.png 896w, https:\/\/guiamineraalemana.com\/wp-content\/uploads\/2021\/07\/anzeige123pu-768x878.png 768w, https:\/\/guiamineraalemana.com\/wp-content\/uploads\/2021\/07\/anzeige123pu-10x12.png 10w, https:\/\/guiamineraalemana.com\/wp-content\/uploads\/2021\/07\/anzeige123pu.png 1116w\" sizes=\"(max-width: 262px) 100vw, 262px\" \/>\t\t\t\t\t\t\t\t\t\t\t\t\t\t\t<\/div>\n\t\t\t\t\t<\/div>\n\t\t<\/div>\n\t\t\t\t\t<\/div>\n\t\t<\/section>\n\t\t\t\t<\/div>\n\t\t","protected":false},"excerpt":{"rendered":"","protected":false},"author":2,"featured_media":0,"parent":0,"menu_order":0,"comment_status":"closed","ping_status":"closed","template":"","meta":{"footnotes":""},"class_list":["post-2408","page","type-page","status-publish","hentry"],"acf":[],"_links":{"self":[{"href":"https:\/\/guiamineraalemana.com\/de\/wp-json\/wp\/v2\/pages\/2408","targetHints":{"allow":["GET"]}}],"collection":[{"href":"https:\/\/guiamineraalemana.com\/de\/wp-json\/wp\/v2\/pages"}],"about":[{"href":"https:\/\/guiamineraalemana.com\/de\/wp-json\/wp\/v2\/types\/page"}],"author":[{"embeddable":true,"href":"https:\/\/guiamineraalemana.com\/de\/wp-json\/wp\/v2\/users\/2"}],"replies":[{"embeddable":true,"href":"https:\/\/guiamineraalemana.com\/de\/wp-json\/wp\/v2\/comments?post=2408"}],"version-history":[{"count":0,"href":"https:\/\/guiamineraalemana.com\/de\/wp-json\/wp\/v2\/pages\/2408\/revisions"}],"wp:attachment":[{"href":"https:\/\/guiamineraalemana.com\/de\/wp-json\/wp\/v2\/media?parent=2408"}],"curies":[{"name":"wp","href":"https:\/\/api.w.org\/{rel}","templated":true}]}}